{"id":24,"date":"2023-09-22T19:01:18","date_gmt":"2023-09-22T17:01:18","guid":{"rendered":"https:\/\/nadjavujin.com\/hr\/?page_id=24"},"modified":"2023-09-22T20:11:28","modified_gmt":"2023-09-22T18:11:28","slug":"o-rtt-u","status":"publish","type":"page","link":"https:\/\/nadjavujin.com\/hr\/o-rtt-u\/","title":{"rendered":"O RTT-u"},"content":{"rendered":"\n<p><strong>\u0160to je to RTT &#8211; Terapija Brze Transformacije?<\/strong><\/p>\n\n\n\n<figure class=\"wp-block-embed is-type-video is-provider-youtube wp-block-embed-youtube wp-embed-aspect-16-9 wp-has-aspect-ratio\"><div class=\"wp-block-embed__wrapper\">\n<iframe title=\"What is Rapid Transformational Therapy\u00ae (RTT\u00ae)? | Marisa Peer\" width=\"740\" height=\"416\" src=\"https:\/\/www.youtube.com\/embed\/HyjhRKM2VCA?feature=oembed\" frameborder=\"0\" allow=\"accelerometer; autoplay; clipboard-write; encrypted-media; gyroscope; picture-in-picture; web-share\" allowfullscreen><\/iframe>\n<\/div><figcaption class=\"wp-element-caption\">Renomirana hipnoterapeutkinja Marisa Peer o RTT metodi<\/figcaption><\/figure>\n\n\n\n<p><\/p>\n\n\n\n<p>Terapija Brze Transformacije (Rapid Transformational Therapy\u00ae) vi\u0161estruko je nagra\u0111ivana vrsta psihoterapije koja se temelji na znanosti o neuroplasti\u010dnosti mozga (sposobnost prilagodbe na nova iskustva ili uvjete pri \u010demu se mozak modificira, adaptira ili \u010dak morfolo\u0161ki mijenja sukladno potrebi) i koja kombinira naju\u010dinkovitije principe klasi\u010dne psihoterapije, hipnoterapije, kognitivno bihevioralne terapije i neurolingvisti\u010dkog programiranja, kako bi se do\u0161lo do temeljnog uzroka (takozvanog &#8216;root cause&#8217;) na\u0161ih problema &#8211;<br>stresa, anksioznosti, strahova, depresije, lo\u0161ih \u017eivotnih navika, ovisnosti, fizi\u010dkih tegoba, nedostatka samopouzdanja te negativnih uvjerenja koja nas ko\u010de u \u017eivotu.<\/p>\n\n\n\n<p>Ova vrsta terapije poma\u017ee nam preoblikovati negativna uvjerenja, vrijednosti, emocije i navike koje nosimo sa sobom od djetinjstva, zakopane duboko u na\u0161oj podsvijesti i koje nas sprje\u010davaju da dosegnemo na\u0161 puni potencijal.<\/p>\n\n\n\n<p><strong>Po \u010demu je RTT terapija posebna?<\/strong><\/p>\n\n\n\n<p>Posebna je po tome \u0161to posti\u017ee izvanredne rezultate br\u017ee od drugih terapijskih metoda.<br>I ono \u0161to je najva\u017enije,<\/p>\n\n\n\n<p><strong>POSTI\u017dE TRAJNE REZULTATE.<\/strong><\/p>\n\n\n\n<p>U RTT\u00ae tretmanu ne mora\u0161 godinama i\u0107i na terapiju kako bi rije\u0161ila svoje probleme &#8211;<br>naj\u010de\u0161\u0107e su dovoljne jedna do tri seanse.<\/p>\n\n\n\n<p><strong>Kako izgleda jedan tretman RTT terapije?<\/strong><\/p>\n\n\n\n<p>Nakon besplatnog uvodnog poziva (Discovery Call) i ispunjavanja obrasca kako bi se skupilo \u0161to vi\u0161e informacija (Intake Form) identificirat \u0107emo problem na kojem \u0107emo raditi i postaviti cilj koji \u017eelimo posti\u0107i na kraju tretmana.<\/p>\n\n\n\n<p>Tretman RTT terapije po\u010dinje tako da kroz duboko opu\u0161teno stanje pristupa\u0161 svom podsvjesnom umu te uz pomo\u0107 metode regresije te raznih drugih tehnika brzo i precizno pronalazi\u0161 uzrok i korijen tvog problema.<\/p>\n\n\n\n<p>Moja mentorica i autorica RTT terapije, neponovljiva Marisa Peer uvijek ovako govori:<\/p>\n\n\n\n<p>\u201eRazumijevanje je mo\u0107\u201c \u2013<\/p>\n\n\n\n<p>i upravo to razumijevanje koje steknemo tijekom tretmana je tajno oru\u017eje kojim uspje\u0161no preoblikujemo i transformiramo negativna uvjerenja koja smo stekli ranije u \u017eivotu te mijenjamo zna\u010denje i tuma\u010denje doga\u0111aja koji su doveli do blokade, disfunkcionalnog pona\u0161anja, strahova i lo\u0161ih navika.<\/p>\n\n\n\n<p>Posebno mi je drag taj AHA!-moment koji se dogodi, kao da se upali svjetlo i sve je odjednom puno jasnije. \u2764\ufe0f<\/p>\n\n\n\n<p>Kad se otkrio uzrok, tvoja pro\u0161la iskustva se re-interpretiraju, otpu\u0161taju se mnoge negativne emocije,stvaraju se nova, pozitivna uvjerenja i instaliraju novi, konstruktivni obrasci misli i pona\u0161anja.<\/p>\n\n\n\n<p>Me\u0111utim, kraj jednog tretmana ozna\u010dava istovremeno i po\u010detak druge etape na\u0161eg rada, odnosno tvog anga\u017emana koji odre\u0111uje 50 posto uspjeha. Nakon tretmana dobit \u0107e\u0161 personaliziranu audio snimku (u trajanju od 15-20 minuta) s transformativnim sadr\u017eajem koji \u0107e ti pomo\u0107i da trajno u\u010dvrsti\u0161 svoje nove obrasce mi\u0161ljenja i pona\u0161anja. Ovu snimku mora\u0161 slu\u0161ati svaki dan kroz sljede\u0107i 21 dan u duboko opu\u0161tenom stanju.<\/p>\n\n\n\n<p><strong>Za\u0161to ba\u0161 21 dan?<\/strong><\/p>\n\n\n\n<p>Znanstvenici su otkrili da je za stvaranje i utvr\u0111ivanje novih neuronskih veza u mozgu potrebno svakodnevno ponavljanje \u017eeljenog pona\u0161anja minimalno 21 dan da bi se vidjeli prvi rezultati. Novi obrasci pona\u0161anja postaju na\u0161a druga priroda i to stvara trajnu i odr\u017eivu promjenu.<\/p>\n\n\n\n<p>Nakon 21 dana ponovno se \u010dujemo putem telefonskog ili video poziva te razgovaramo o tome kako se osje\u0107a\u0161 i da li primije\u0107uje\u0161 pomak. Zajedno promi\u0161ljamo o daljnjim koracima kako bi postigla svoj cilj. To prema potrebi mo\u017ee biti jo\u0161 jedan do dva tretmana nakon \u010detiri do \u0161est tjedana ili se mo\u017ee kombinirati s coaching-om kako bi se dugoro\u010dno utvrdile pozitivne promjene i izvukao najve\u0107i potencijal za tebe.<\/p>\n\n\n\n<p>Tretman RTT terapije odvijaju se online putem Zooma\/Skypea ili u\u017eivo, ovisno o tvojim preferencijama. Mnoge klijentice preferiraju online tretmane kako bi se u opu\u0161tenom, sigurnom i poznatom okru\u017eenju svog doma prepustile transformativnom u\u010dinku ovog divnog putovanja.<\/p>\n\n\n\n<p>Jako je va\u017eno naglasiti da tretman RTT terapije nije pasivan proces; svaki tretman je jedno iznimno intenzivno, dinami\u010dno i transformativno putovanje u trajanju od dva do tri sata.<\/p>\n\n\n\n<p>A ja sam tu za tebe cijelo vrijeme, pratim te, ohrabrujem, osvjetljavam ti put prema samoj sebi. \u2764\ufe0f<\/p>\n\n\n\n<p>Tome se najvi\u0161e veselim, kada vidim da je moja klijentica prona\u0161la put do svoje prave prirode te da je dobila oru\u0111a kojima \u0107e \u017eivjeti svoj \u017eivot pod svojim pravilima, sr\u010dano i hrabro.<\/p>\n\n\n\n<p>Oslobodi se uvjetovanja okoline, dru\u0161tva, kulture, svog odrastanja i uvjerenja koja nisu tvoja! Budi ono \u0161to jesi!<\/p>\n\n\n\n<p>I ne zaboravi, promjena je \u010desto te\u0161ka na po\u010detku, puna izazova u sredini i osloba\u0111aju\u0107a na kraju!<\/p>\n\n\n\n<p>\u017divot je prekratak i \u017eelim da ga \u017eivi\u0161 punim plu\u0107ima! \u2764<\/p>\n\n\n\n<p>Tvoja,<\/p>\n\n\n\n<p>Na\u0111a<\/p>\n","protected":false},"excerpt":{"rendered":"<p>\u0160to je to RTT &#8211; Terapija Brze Transformacije? Terapija Brze Transformacije (Rapid Transformational Therapy\u00ae) vi\u0161estruko je nagra\u0111ivana vrsta psihoterapije koja se temelji na znanosti o neuroplasti\u010dnosti mozga (sposobnost prilagodbe na nova iskustva ili uvjete pri \u010demu se mozak modificira, adaptira ili \u010dak morfolo\u0161ki mijenja sukladno potrebi) i koja kombinira naju\u010dinkovitije &hellip; <\/p>\n","protected":false},"author":1,"featured_media":0,"parent":0,"menu_order":0,"comment_status":"closed","ping_status":"closed","template":"","meta":{"footnotes":""},"class_list":["post-24","page","type-page","status-publish","hentry","has-meta has-sticky-meta"],"_links":{"self":[{"href":"https:\/\/nadjavujin.com\/hr\/wp-json\/wp\/v2\/pages\/24","targetHints":{"allow":["GET"]}}],"collection":[{"href":"https:\/\/nadjavujin.com\/hr\/wp-json\/wp\/v2\/pages"}],"about":[{"href":"https:\/\/nadjavujin.com\/hr\/wp-json\/wp\/v2\/types\/page"}],"author":[{"embeddable":true,"href":"https:\/\/nadjavujin.com\/hr\/wp-json\/wp\/v2\/users\/1"}],"replies":[{"embeddable":true,"href":"https:\/\/nadjavujin.com\/hr\/wp-json\/wp\/v2\/comments?post=24"}],"version-history":[{"count":4,"href":"https:\/\/nadjavujin.com\/hr\/wp-json\/wp\/v2\/pages\/24\/revisions"}],"predecessor-version":[{"id":64,"href":"https:\/\/nadjavujin.com\/hr\/wp-json\/wp\/v2\/pages\/24\/revisions\/64"}],"wp:attachment":[{"href":"https:\/\/nadjavujin.com\/hr\/wp-json\/wp\/v2\/media?parent=24"}],"curies":[{"name":"wp","href":"https:\/\/api.w.org\/{rel}","templated":true}]}}