{"id":28,"date":"2023-09-22T19:02:46","date_gmt":"2023-09-22T17:02:46","guid":{"rendered":"https:\/\/nadjavujin.com\/hr\/?page_id=28"},"modified":"2024-11-18T13:08:43","modified_gmt":"2024-11-18T12:08:43","slug":"o-meni","status":"publish","type":"page","link":"https:\/\/nadjavujin.com\/hr\/o-meni\/","title":{"rendered":"O meni"},"content":{"rendered":"<div class=\"wp-block-image is-style-default\">\n<figure class=\"alignleft size-full is-resized\"><img fetchpriority=\"high\" decoding=\"async\" width=\"585\" height=\"877\" src=\"https:\/\/nadjavujin.com\/hr\/wp-content\/uploads\/sites\/2\/2024\/11\/IMG_20220930_232048_e.jpg\" alt=\"\" class=\"wp-image-204\" style=\"object-fit:cover;width:460px;height:680px\" srcset=\"https:\/\/nadjavujin.com\/hr\/wp-content\/uploads\/sites\/2\/2024\/11\/IMG_20220930_232048_e.jpg 585w, https:\/\/nadjavujin.com\/hr\/wp-content\/uploads\/sites\/2\/2024\/11\/IMG_20220930_232048_e-200x300.jpg 200w\" sizes=\"(max-width: 585px) 100vw, 585px\" \/><\/figure><\/div>\n\n\n<p class=\"has-text-align-left\">Pozdrav! Ja sam Na\u0111a.<\/p>\n\n\n\n<p>Certificirani Terapeut Brze Transformacije (Rapid Transformational Therapy\u00ae) i hipnoterapeut.<\/p>\n\n\n\n<p>Biv\u0161a profesorica engleskog jezika. Tvrdoglavo zaljubljena u sunce, more i toplinu. Sakuplja\u010d knjiga i strastveni \u010ditalac istih. Obo\u017eavam prirodu i raspetljavanje misli hodanjem.<\/p>\n\n\n\n<p>Neki \u0107e re\u0107i da sam nepopravljivi romantik\u2026 ako to zna\u010di biti uvijek znati\u017eeljno dijete u du\u0161i.<\/p>\n\n\n\n<p>Mama Neve i Marte koje su moja najve\u0107a inspiracija, izvor snage i ogledalo istine.<\/p>\n\n\n\n<p>Vje\u010dni optimist.<\/p>\n\n\n\n<p>Odrasla na \u010darobnom otoku Rabu, 16 godina sam \u017eivjela u Zagrebu a zadnjih 5 tra\u017eim svoje mjesto pod suncem u njema\u010dkoj pokrajini Bavarskoj, u malom gradi\u0107u Augsburgu.<\/p>\n\n\n\n<p>Svoj pravi poziv prona\u0161la sam kasnije u \u017eivotu, na pragu 40-ih.<\/p>\n\n\n\n<p>Jo\u0161 od malena sam imala veliku \u017eelju raditi kao profesorica jezika i knji\u017eevnosti jer su knjige oduvijek bile moja strast. Studirala sam englesku knji\u017eevnost i slavistiku na Filozofskom fakultetu u Zagrebu i zapo\u010dela svoju u\u010diteljsku karijeru. Jako sam voljela predavati (i jo\u0161 uvijek smatram da je to jedno od najplemenitijih zanimanja na svijetu) ali uvijek me je pratio osje\u0107aj da sam stvorena za ne\u0161to vi\u0161e, da to nije moj krajnji domet. Neka intuicija mi je uvijek govorila da moja svrha i moja misija postoje izvan okvira u kojem sam se nalazila.<\/p>\n\n\n\n<p>Velika \u017eivotna promjena dogodila se u vrijeme kada smo se moja obitelj i ja preselili iz Hrvatske u Njema\u010dku. To su bile jako te\u0161ke godine za mene i moje najdra\u017ee; godine odricanja, usamljenosti, velikih gubitaka, depresije, egzistencijalne krize, traganja za pripadno\u0161\u0107u i osje\u0107aja da \u017eivim na \u010dardaku ni na nebu ni na zemlji. U profesionalnom smislu sam tako\u0111er do\u017eivjela nebrojene izazove jer Njema\u010dka dr\u017eava nije priznala moju diplomu i moje dugogodi\u0161nje iskustvo te sam se morala zauvijek pozdraviti sa svojom u\u010diteljskom karijerom.<\/p>\n\n\n\n<p>Morala sam po\u010deti ispo\u010detka i ponovno se izgraditi. Te godine svog \u017eivota do\u017eivljavam kao dar jer su bile katalizator promjena. Tek kasnije shvatila sam da se sve \u0161to sam do tada do\u017eivjela i postigla dogodilo sa razlogom \u2013 da napokon saznam tko sam ja zaista i koja je moja uloga na ovoj planeti.<\/p>\n\n\n\n<p>I tako, kliknula sam RESET tipku i po\u010dela ispo\u010detka.<\/p>\n\n\n\n<p>\u201eKad je u\u010denik spreman, u\u010ditelj \u0107e se pojaviti.\u201c \u2013 ka\u017ee stara poslovica, i upravo to se i meni dogodilo. Sjela sam sama sa sobom, moja budu\u0107nost je bila otvorena plo\u010da i postavila sam si pitanja \u2013<\/p>\n\n\n\n<ul class=\"wp-block-list\">\n<li><em><strong>Koji je tvoj pravi poziv?<\/strong><\/em><\/li>\n\n\n\n<li><em><strong>\u0160to ti je su\u0111eno raditi na ovoj planeti?<\/strong><\/em><\/li>\n\n\n\n<li><em><strong>Koja je tvoja misija i kako mo\u017ee\u0161 doprinijeti ovom dru\u0161tvu?<\/strong><\/em><\/li>\n<\/ul>\n\n\n\n<p>I tada sam sasvim slu\u010dajno nai\u0161la na Rapid Transformational Therapy\u00ae koja mi je promijenila \u017eivot.<\/p>\n\n\n\n<p>Uz pomo\u0107 ove terapijske metode uspjela sam izlije\u010diti kroni\u010dni zdravstveni problem koji sam imala 20 godina i za koji mi je lije\u010dni\u010dka struka rekla da &#8216;nema lijeka&#8217;. Uhvatila sam se u ko\u0161tac i sa svojim naru\u0161enim mentalnim zdravljem: socijalnom anksiozno\u0161\u0107u, strahovima, depresijom, nedostatkom samopo\u0161tovanja i nepostoje\u0107im samopouzdanjem.<br>Upoznala sam sebe i razotkrila sva negativna uvjerenja, obrasce misli i pona\u0161anja koji su me ko\u010dili u \u017eivotu. Uhvatila sam se u ko\u0161tac sa strahovima, sumnjom u sebe te slojevima tu\u0111ih uvjerenja koje sam prihvatila kao svoja. Jo\u0161 uvijek skidam te slojeve jedan po jedan ali kona\u010dno mogu do\u0107i do daha nakon dugo, dugo vremena.<\/p>\n\n\n\n<p>I svaka mala pobjeda dovodi me bli\u017ee onome \u0161to doista jesam.<\/p>\n\n\n\n<p>Dovodi me bli\u017ee mojoj misiji.<\/p>\n\n\n\n<p>A ta je da i sama kao RTT\u00ae terapeut poma\u017eem drugim \u017eenama da prona\u0111u sebe, oslobode se okova negativnih uvjerenja i \u017eive svoj puni potencijal, hrabro i autenti\u010dno.<\/p>\n\n\n\n<p><strong>Za\u0161to raditi samnom?<\/strong><\/p>\n\n\n\n<p>Mogu ti pomo\u0107i da:<\/p>\n\n\n\n<ul class=\"wp-block-list\">\n<li>Osvijesti\u0161 uvjerenja koja te ko\u010de u \u017eivotu<\/li>\n\n\n\n<li>Sazna\u0161 za\u0161to ima\u0161 nedostatak samopouzdanja i vrati\u0161 ga<\/li>\n\n\n\n<li>Identificira\u0161 i preoblikuje\u0161 negativne obrasce misli i pona\u0161anja<\/li>\n\n\n\n<li>Promijeni\u0161 na\u010din na koji razgovara\u0161 sama sa sobom<\/li>\n\n\n\n<li>Prihvati\u0161 samu sebe sa svim svojim manama i ograni\u010denjima<\/li>\n\n\n\n<li>Zakora\u010di\u0161 u svoju autenti\u010dnost<\/li>\n<\/ul>\n\n\n\n<p><strong>Obrati mi se ako ima\u0161 neki od sljede\u0107ih problema ili tegoba<\/strong><\/p>\n\n\n\n<ul class=\"wp-block-list\">\n<li>Nedostatak samopouzdanja<\/li>\n\n\n\n<li>Osje\u0107aj manje vrijednosti<\/li>\n\n\n\n<li>Depresija<\/li>\n\n\n\n<li>Anksioznost<\/li>\n\n\n\n<li>Dru\u0161tvena anksioznost (socijalna fobija)<\/li>\n\n\n\n<li>Stres<\/li>\n\n\n\n<li>Strahovi<\/li>\n\n\n\n<li>Fobije<\/li>\n\n\n\n<li>Kontrola ljutnje<\/li>\n\n\n\n<li>Strah od javnog nastupa<\/li>\n\n\n\n<li>Problemi u karijeri<\/li>\n\n\n\n<li>Nedostatak motivacije<\/li>\n\n\n\n<li>Odga\u0111anje (Prokrastinacija)<\/li>\n\n\n\n<li>Postizanje ciljeva<\/li>\n\n\n\n<li>Krivnja<\/li>\n\n\n\n<li>Problemi s te\u017einom<\/li>\n\n\n\n<li>Poreme\u0107aji prehrane<\/li>\n\n\n\n<li>PMS<\/li>\n\n\n\n<li>Ovisnosti<\/li>\n\n\n\n<li>Razne fizi\u010dke tegobe, poput kroni\u010dnih bolova, nesanice, ko\u017enih problema, bolova u le\u0111ima, probavnih problema.<\/li>\n\n\n\n<li>Problemi u vezi<\/li>\n\n\n\n<li>Komunikacija<\/li>\n\n\n\n<li>Pam\u0107enje<\/li>\n\n\n\n<li>Koncentracija<\/li>\n<\/ul>\n\n\n\n<p><strong>Rad sa djecom<\/strong><\/p>\n\n\n\n<ul class=\"wp-block-list\">\n<li>Stres prije ispita<\/li>\n\n\n\n<li>Strah od javnog nastupa<\/li>\n\n\n\n<li>Napadaji panike<\/li>\n\n\n\n<li>Pote\u0161ko\u0107e u u\u010denju<\/li>\n\n\n\n<li>Pritisak vr\u0161njaka<\/li>\n\n\n\n<li>Vr\u0161nja\u010dko nasilje<\/li>\n\n\n\n<li>Negativna slika o sebi<\/li>\n\n\n\n<li>Nisko samopo\u0161tovanje i samopouzdanje<\/li>\n\n\n\n<li>Anksioznost<\/li>\n\n\n\n<li>Trauma zbog razvoda roditelja<\/li>\n<\/ul>\n\n\n\n<p><strong>Na kojim jezicima je moja usluga dostupna<\/strong><\/p>\n\n\n\n<ul class=\"wp-block-list\">\n<li>Engleski<\/li>\n\n\n\n<li>Hrvatski\/Srpski<\/li>\n\n\n\n<li>Njema\u010dki<\/li>\n<\/ul>\n\n\n\n<p><strong>Gdje me mo\u017ee\u0161 na\u0107i<\/strong><\/p>\n\n\n\n<ul class=\"wp-block-list\">\n<li>Online preko Zoom-a ili Skype-a.<\/li>\n\n\n\n<li>U mojoj praksi u Augsburgu.<\/li>\n\n\n\n<li>Putujem prema potrebi ako klijent\/ica ima izri\u010ditu \u017eelju za odr\u017eavanjem tretmana u\u017eivo i u privatnosti njihovog prostora.<\/li>\n<\/ul>\n\n\n\n<div style=\"height:50px\" aria-hidden=\"true\" class=\"wp-block-spacer\"><\/div>\n\n\n\n<div class=\"wp-block-buttons is-content-justification-center is-layout-flex wp-container-core-buttons-is-layout-16018d1d wp-block-buttons-is-layout-flex\">\n<div class=\"wp-block-button is-style-fill\"><a class=\"wp-block-button__link has-white-color has-text-color has-background wp-element-button\" href=\"https:\/\/nadjavujin.com\/hr\/kontakt\/\" style=\"border-radius:0px;background-color:#e2b2ab\">Bukiraj besplatne konzultacije<\/a><\/div>\n<\/div>\n","protected":false},"excerpt":{"rendered":"<p>Pozdrav! Ja sam Na\u0111a. Certificirani Terapeut Brze Transformacije (Rapid Transformational Therapy\u00ae) i hipnoterapeut. Biv\u0161a profesorica engleskog jezika. Tvrdoglavo zaljubljena u sunce, more i toplinu. Sakuplja\u010d knjiga i strastveni \u010ditalac istih. Obo\u017eavam prirodu i raspetljavanje misli hodanjem. Neki \u0107e re\u0107i da sam nepopravljivi romantik\u2026 ako to zna\u010di biti uvijek znati\u017eeljno dijete &hellip; <\/p>\n","protected":false},"author":1,"featured_media":0,"parent":0,"menu_order":0,"comment_status":"closed","ping_status":"closed","template":"","meta":{"footnotes":""},"class_list":["post-28","page","type-page","status-publish","hentry","has-meta has-sticky-meta"],"_links":{"self":[{"href":"https:\/\/nadjavujin.com\/hr\/wp-json\/wp\/v2\/pages\/28","targetHints":{"allow":["GET"]}}],"collection":[{"href":"https:\/\/nadjavujin.com\/hr\/wp-json\/wp\/v2\/pages"}],"about":[{"href":"https:\/\/nadjavujin.com\/hr\/wp-json\/wp\/v2\/types\/page"}],"author":[{"embeddable":true,"href":"https:\/\/nadjavujin.com\/hr\/wp-json\/wp\/v2\/users\/1"}],"replies":[{"embeddable":true,"href":"https:\/\/nadjavujin.com\/hr\/wp-json\/wp\/v2\/comments?post=28"}],"version-history":[{"count":30,"href":"https:\/\/nadjavujin.com\/hr\/wp-json\/wp\/v2\/pages\/28\/revisions"}],"predecessor-version":[{"id":205,"href":"https:\/\/nadjavujin.com\/hr\/wp-json\/wp\/v2\/pages\/28\/revisions\/205"}],"wp:attachment":[{"href":"https:\/\/nadjavujin.com\/hr\/wp-json\/wp\/v2\/media?parent=28"}],"curies":[{"name":"wp","href":"https:\/\/api.w.org\/{rel}","templated":true}]}}